{"id":101,"date":"2023-05-17T00:30:54","date_gmt":"2023-05-17T00:30:54","guid":{"rendered":"https:\/\/ld-trade.net\/?page_id=101"},"modified":"2024-10-02T14:17:08","modified_gmt":"2024-10-02T14:17:08","slug":"why-hk-ld","status":"publish","type":"page","link":"https:\/\/ld-trade.net\/es\/porque-hk-ld\/","title":{"rendered":"\u00bfPor qu\u00e9 HK LD?"},"content":{"rendered":"<div data-elementor-type=\"wp-page\" data-elementor-id=\"101\" class=\"elementor elementor-101\" data-elementor-post-type=\"page\">\n\t\t\t\t\t\t<section class=\"elementor-section elementor-top-section elementor-element elementor-element-6f308825 elementor-section-boxed elementor-section-height-default elementor-section-height-default\" data-id=\"6f308825\" data-element_type=\"section\" data-e-type=\"section\" data-settings=\"{&quot;background_background&quot;:&quot;classic&quot;}\">\n\t\t\t\t\t\t\t<div class=\"elementor-background-overlay\"><\/div>\n\t\t\t\t\t\t\t<div class=\"elementor-container elementor-column-gap-default\">\n\t\t\t\t\t<div class=\"elementor-column elementor-col-50 elementor-top-column elementor-element elementor-element-5173c679\" data-id=\"5173c679\" data-element_type=\"column\" data-e-type=\"column\">\n\t\t\t<div class=\"elementor-widget-wrap\">\n\t\t\t\t\t\t\t<\/div>\n\t\t<\/div>\n\t\t\t\t<div class=\"elementor-column elementor-col-50 elementor-top-column elementor-element elementor-element-5acb70d\" data-id=\"5acb70d\" data-element_type=\"column\" data-e-type=\"column\">\n\t\t\t<div class=\"elementor-widget-wrap elementor-element-populated\">\n\t\t\t\t\t\t<div class=\"elementor-element elementor-element-ae060ec elementor-icon-list--layout-inline elementor-align-start elementor-list-item-link-full_width elementor-invisible elementor-widget elementor-widget-icon-list\" data-id=\"ae060ec\" data-element_type=\"widget\" data-e-type=\"widget\" data-settings=\"{&quot;_animation&quot;:&quot;fadeInRight&quot;}\" data-widget_type=\"icon-list.default\">\n\t\t\t\t<div class=\"elementor-widget-container\">\n\t\t\t\t\t\t\t<ul class=\"elementor-icon-list-items elementor-inline-items\">\n\t\t\t\t\t\t\t<li class=\"elementor-icon-list-item elementor-inline-item\">\n\t\t\t\t\t\t\t\t\t\t\t<a href=\"#\">\n\n\t\t\t\t\t\t\t\t\t\t\t<span class=\"elementor-icon-list-text\">Inicio<\/span>\n\t\t\t\t\t\t\t\t\t\t\t<\/a>\n\t\t\t\t\t\t\t\t\t<\/li>\n\t\t\t\t\t\t\t\t<li class=\"elementor-icon-list-item elementor-inline-item\">\n\t\t\t\t\t\t\t\t\t\t\t<span class=\"elementor-icon-list-icon\">\n\t\t\t\t\t\t\t<i aria-hidden=\"true\" class=\"mdi mdi-slash-forward\"><\/i>\t\t\t\t\t\t<\/span>\n\t\t\t\t\t\t\t\t\t\t<span class=\"elementor-icon-list-text\">\u00bfPor qu\u00e9 HK LD?<\/span>\n\t\t\t\t\t\t\t\t\t<\/li>\n\t\t\t\t\t\t<\/ul>\n\t\t\t\t\t\t<\/div>\n\t\t\t\t<\/div>\n\t\t\t\t<div class=\"elementor-element elementor-element-945cced elementor-invisible elementor-widget elementor-widget-text-editor\" data-id=\"945cced\" data-element_type=\"widget\" data-e-type=\"widget\" data-settings=\"{&quot;_animation&quot;:&quot;fadeIn&quot;,&quot;_animation_delay&quot;:&quot;720&quot;}\" data-widget_type=\"text-editor.default\">\n\t\t\t\t<div class=\"elementor-widget-container\">\n\t\t\t\t\t\t\t\t\t<p>Bienvenido a HK LD CO. LIMITED, una empresa comercial l\u00edder que se dedica a proporcionar productos y servicios de calidad a nuestros clientes. En HK LD, nos enorgullecemos de nuestro compromiso de brindar soluciones confiables e innovadoras que satisfagan las necesidades de nuestros clientes. Trabajamos arduamente para garantizar que nuestros clientes reciban el mejor servicio posible y estamos comprometidos a construir relaciones s\u00f3lidas a largo plazo con ellos.<\/p><p>En HK LD CO. LIMITED, estamos comprometidos a ayudar a nuestros clientes a lograr sus objetivos. Ya sea que est\u00e9 buscando un socio comercial confiable, productos de alta calidad o soluciones innovadoras, tenemos los conocimientos y la experiencia para satisfacer sus necesidades. Cont\u00e1ctenos hoy para obtener m\u00e1s informaci\u00f3n sobre c\u00f3mo podemos ayudarlo a lograr el \u00e9xito en su negocio.<\/p>\t\t\t\t\t\t\t\t<\/div>\n\t\t\t\t<\/div>\n\t\t\t\t<div class=\"elementor-element elementor-element-6b38f55 elementor-widget elementor-widget-button\" data-id=\"6b38f55\" data-element_type=\"widget\" data-e-type=\"widget\" data-widget_type=\"button.default\">\n\t\t\t\t<div class=\"elementor-widget-container\">\n\t\t\t\t\t\t\t\t\t<div class=\"elementor-button-wrapper\">\n\t\t\t\t\t<a class=\"elementor-button elementor-button-link elementor-size-sm\" href=\"https:\/\/ld-trade.net\/es\/contactenos\/\">\n\t\t\t\t\t\t<span class=\"elementor-button-content-wrapper\">\n\t\t\t\t\t\t\t\t\t<span class=\"elementor-button-text\">Cont\u00e1ctenos<\/span>\n\t\t\t\t\t<\/span>\n\t\t\t\t\t<\/a>\n\t\t\t\t<\/div>\n\t\t\t\t\t\t\t\t<\/div>\n\t\t\t\t<\/div>\n\t\t\t\t\t<\/div>\n\t\t<\/div>\n\t\t\t\t\t<\/div>\n\t\t<\/section>\n\t\t\t\t<section class=\"elementor-section elementor-top-section elementor-element elementor-element-1f573fd6 elementor-section-boxed elementor-section-height-default elementor-section-height-default\" data-id=\"1f573fd6\" data-element_type=\"section\" data-e-type=\"section\">\n\t\t\t\t\t\t<div class=\"elementor-container elementor-column-gap-default\">\n\t\t\t\t\t<div class=\"elementor-column elementor-col-50 elementor-top-column elementor-element elementor-element-81bf771\" data-id=\"81bf771\" data-element_type=\"column\" data-e-type=\"column\">\n\t\t\t<div class=\"elementor-widget-wrap elementor-element-populated\">\n\t\t\t\t\t\t<div class=\"elementor-element elementor-element-15416442 elementor-invisible elementor-widget elementor-widget-heading\" data-id=\"15416442\" data-element_type=\"widget\" data-e-type=\"widget\" data-settings=\"{&quot;_animation&quot;:&quot;fadeInDown&quot;}\" data-widget_type=\"heading.default\">\n\t\t\t\t<div class=\"elementor-widget-container\">\n\t\t\t\t\t<h2 class=\"elementor-heading-title elementor-size-default\">Historia de la Compa\u00f1\u00eda<\/h2>\t\t\t\t<\/div>\n\t\t\t\t<\/div>\n\t\t\t\t<div class=\"elementor-element elementor-element-74a4487c elementor-widget elementor-widget-text-editor\" data-id=\"74a4487c\" data-element_type=\"widget\" data-e-type=\"widget\" data-widget_type=\"text-editor.default\">\n\t\t\t\t<div class=\"elementor-widget-container\">\n\t\t\t\t\t\t\t\t\t<p>HK LD CO. LIMITED se fund\u00f3 con la misi\u00f3n de proporcionar productos y servicios de alta calidad a clientes de todo el mundo. Desde entonces, nos hemos convertido en una empresa comercial l\u00edder, sirviendo a una amplia gama de industrias y clientes.<\/p>\t\t\t\t\t\t\t\t<\/div>\n\t\t\t\t<\/div>\n\t\t\t\t\t<\/div>\n\t\t<\/div>\n\t\t\t\t<div class=\"elementor-column elementor-col-50 elementor-top-column elementor-element elementor-element-6c2a9ede\" data-id=\"6c2a9ede\" data-element_type=\"column\" data-e-type=\"column\">\n\t\t\t<div class=\"elementor-widget-wrap elementor-element-populated\">\n\t\t\t\t\t\t<div class=\"elementor-element elementor-element-7881bb16 elementor-invisible elementor-widget elementor-widget-image\" data-id=\"7881bb16\" data-element_type=\"widget\" data-e-type=\"widget\" data-settings=\"{&quot;_animation&quot;:&quot;fadeInRight&quot;}\" data-widget_type=\"image.default\">\n\t\t\t\t<div class=\"elementor-widget-container\">\n\t\t\t\t\t\t\t\t\t\t\t\t\t\t\t<img fetchpriority=\"high\" decoding=\"async\" width=\"2000\" height=\"1333\" src=\"https:\/\/ld-trade.net\/wp-content\/uploads\/2023\/05\/hong-kong.jpg\" class=\"attachment-full size-full wp-image-371\" alt=\"Hong Kong\" srcset=\"https:\/\/ld-trade.net\/wp-content\/uploads\/2023\/05\/hong-kong.jpg 2000w, https:\/\/ld-trade.net\/wp-content\/uploads\/2023\/05\/hong-kong-300x200.jpg 300w, https:\/\/ld-trade.net\/wp-content\/uploads\/2023\/05\/hong-kong-1024x682.jpg 1024w, https:\/\/ld-trade.net\/wp-content\/uploads\/2023\/05\/hong-kong-768x512.jpg 768w, https:\/\/ld-trade.net\/wp-content\/uploads\/2023\/05\/hong-kong-1536x1024.jpg 1536w, https:\/\/ld-trade.net\/wp-content\/uploads\/2023\/05\/hong-kong-18x12.jpg 18w\" sizes=\"(max-width: 2000px) 100vw, 2000px\" \/>\t\t\t\t\t\t\t\t\t\t\t\t\t\t\t<\/div>\n\t\t\t\t<\/div>\n\t\t\t\t\t<\/div>\n\t\t<\/div>\n\t\t\t\t\t<\/div>\n\t\t<\/section>\n\t\t\t\t<section class=\"elementor-section elementor-top-section elementor-element elementor-element-73f3d470 elementor-section-boxed elementor-section-height-default elementor-section-height-default\" data-id=\"73f3d470\" data-element_type=\"section\" data-e-type=\"section\" data-settings=\"{&quot;background_background&quot;:&quot;classic&quot;}\">\n\t\t\t\t\t\t\t<div class=\"elementor-background-overlay\"><\/div>\n\t\t\t\t\t\t\t<div class=\"elementor-container elementor-column-gap-default\">\n\t\t\t\t\t<div class=\"elementor-column elementor-col-50 elementor-top-column elementor-element elementor-element-7108bbc2\" data-id=\"7108bbc2\" data-element_type=\"column\" data-e-type=\"column\">\n\t\t\t<div class=\"elementor-widget-wrap elementor-element-populated\">\n\t\t\t\t\t\t<div class=\"elementor-element elementor-element-a775b58 elementor-invisible elementor-widget elementor-widget-image\" data-id=\"a775b58\" data-element_type=\"widget\" data-e-type=\"widget\" data-settings=\"{&quot;_animation&quot;:&quot;fadeInRight&quot;}\" data-widget_type=\"image.default\">\n\t\t\t\t<div class=\"elementor-widget-container\">\n\t\t\t\t\t\t\t\t\t\t\t\t\t\t\t<img decoding=\"async\" width=\"2000\" height=\"1335\" src=\"https:\/\/ld-trade.net\/wp-content\/uploads\/2023\/05\/successful-team-businessman-clapping-at-meeting-.jpg\" class=\"attachment-full size-full wp-image-372\" alt=\"Successful team businessman clapping at meeting.\" srcset=\"https:\/\/ld-trade.net\/wp-content\/uploads\/2023\/05\/successful-team-businessman-clapping-at-meeting-.jpg 2000w, https:\/\/ld-trade.net\/wp-content\/uploads\/2023\/05\/successful-team-businessman-clapping-at-meeting--300x200.jpg 300w, https:\/\/ld-trade.net\/wp-content\/uploads\/2023\/05\/successful-team-businessman-clapping-at-meeting--1024x684.jpg 1024w, https:\/\/ld-trade.net\/wp-content\/uploads\/2023\/05\/successful-team-businessman-clapping-at-meeting--768x513.jpg 768w, https:\/\/ld-trade.net\/wp-content\/uploads\/2023\/05\/successful-team-businessman-clapping-at-meeting--1536x1025.jpg 1536w, https:\/\/ld-trade.net\/wp-content\/uploads\/2023\/05\/successful-team-businessman-clapping-at-meeting--18x12.jpg 18w\" sizes=\"(max-width: 2000px) 100vw, 2000px\" \/>\t\t\t\t\t\t\t\t\t\t\t\t\t\t\t<\/div>\n\t\t\t\t<\/div>\n\t\t\t\t\t<\/div>\n\t\t<\/div>\n\t\t\t\t<div class=\"elementor-column elementor-col-50 elementor-top-column elementor-element elementor-element-7d8ce40\" data-id=\"7d8ce40\" data-element_type=\"column\" data-e-type=\"column\">\n\t\t\t<div class=\"elementor-widget-wrap elementor-element-populated\">\n\t\t\t\t\t\t<div class=\"elementor-element elementor-element-6aa1f45 elementor-widget elementor-widget-heading\" data-id=\"6aa1f45\" data-element_type=\"widget\" data-e-type=\"widget\" data-widget_type=\"heading.default\">\n\t\t\t\t<div class=\"elementor-widget-container\">\n\t\t\t\t\t<h2 class=\"elementor-heading-title elementor-size-default\">Equipo de liderazgo\n<\/h2>\t\t\t\t<\/div>\n\t\t\t\t<\/div>\n\t\t\t\t<div class=\"elementor-element elementor-element-71b59ac elementor-widget elementor-widget-text-editor\" data-id=\"71b59ac\" data-element_type=\"widget\" data-e-type=\"widget\" data-widget_type=\"text-editor.default\">\n\t\t\t\t<div class=\"elementor-widget-container\">\n\t\t\t\t\t\t\t\t\t<p>Nuestro equipo de liderazgo aporta d\u00e9cadas de experiencia en la industria comercial, con un profundo conocimiento de las necesidades y desaf\u00edos de nuestros clientes. Est\u00e1n comprometidos a brindar un servicio excepcional y productos de calidad para satisfacer las necesidades de nuestros clientes.<\/p>\t\t\t\t\t\t\t\t<\/div>\n\t\t\t\t<\/div>\n\t\t\t\t\t<\/div>\n\t\t<\/div>\n\t\t\t\t\t<\/div>\n\t\t<\/section>\n\t\t\t\t<section class=\"elementor-section elementor-top-section elementor-element elementor-element-f5c5bac elementor-section-boxed elementor-section-height-default elementor-section-height-default\" data-id=\"f5c5bac\" data-element_type=\"section\" data-e-type=\"section\">\n\t\t\t\t\t\t<div class=\"elementor-container elementor-column-gap-default\">\n\t\t\t\t\t<div class=\"elementor-column elementor-col-50 elementor-top-column elementor-element elementor-element-3af1dbe\" data-id=\"3af1dbe\" data-element_type=\"column\" data-e-type=\"column\">\n\t\t\t<div class=\"elementor-widget-wrap elementor-element-populated\">\n\t\t\t\t\t\t<div class=\"elementor-element elementor-element-83ac029 elementor-invisible elementor-widget elementor-widget-heading\" data-id=\"83ac029\" data-element_type=\"widget\" data-e-type=\"widget\" data-settings=\"{&quot;_animation&quot;:&quot;fadeInDown&quot;}\" data-widget_type=\"heading.default\">\n\t\t\t\t<div class=\"elementor-widget-container\">\n\t\t\t\t\t<h2 class=\"elementor-heading-title elementor-size-default\">Misi\u00f3n y Valores<\/h2>\t\t\t\t<\/div>\n\t\t\t\t<\/div>\n\t\t\t\t<div class=\"elementor-element elementor-element-9848a84 elementor-widget elementor-widget-text-editor\" data-id=\"9848a84\" data-element_type=\"widget\" data-e-type=\"widget\" data-widget_type=\"text-editor.default\">\n\t\t\t\t<div class=\"elementor-widget-container\">\n\t\t\t\t\t\t\t\t\t<p>Nuestra misi\u00f3n en HK LD CO. LIMITED es proporcionar productos y servicios de alta calidad para satisfacer las necesidades de nuestros clientes, mientras operamos con los m\u00e1s altos est\u00e1ndares de integridad y profesionalismo. Nuestros valores de excelencia, innovaci\u00f3n y enfoque en el cliente gu\u00edan todo lo que hacemos.<\/p>\t\t\t\t\t\t\t\t<\/div>\n\t\t\t\t<\/div>\n\t\t\t\t\t<\/div>\n\t\t<\/div>\n\t\t\t\t<div class=\"elementor-column elementor-col-50 elementor-top-column elementor-element elementor-element-3b06584\" data-id=\"3b06584\" data-element_type=\"column\" data-e-type=\"column\">\n\t\t\t<div class=\"elementor-widget-wrap elementor-element-populated\">\n\t\t\t\t\t\t<div class=\"elementor-element elementor-element-c1adfc5 elementor-invisible elementor-widget elementor-widget-image\" data-id=\"c1adfc5\" data-element_type=\"widget\" data-e-type=\"widget\" data-settings=\"{&quot;_animation&quot;:&quot;fadeInRight&quot;}\" data-widget_type=\"image.default\">\n\t\t\t\t<div class=\"elementor-widget-container\">\n\t\t\t\t\t\t\t\t\t\t\t\t\t\t\t<img decoding=\"async\" width=\"2000\" height=\"1333\" src=\"https:\/\/ld-trade.net\/wp-content\/uploads\/2023\/05\/woman-rating-online-service.jpg\" class=\"attachment-full size-full wp-image-375\" alt=\"Woman rating online service\" srcset=\"https:\/\/ld-trade.net\/wp-content\/uploads\/2023\/05\/woman-rating-online-service.jpg 2000w, https:\/\/ld-trade.net\/wp-content\/uploads\/2023\/05\/woman-rating-online-service-300x200.jpg 300w, https:\/\/ld-trade.net\/wp-content\/uploads\/2023\/05\/woman-rating-online-service-1024x682.jpg 1024w, https:\/\/ld-trade.net\/wp-content\/uploads\/2023\/05\/woman-rating-online-service-768x512.jpg 768w, https:\/\/ld-trade.net\/wp-content\/uploads\/2023\/05\/woman-rating-online-service-1536x1024.jpg 1536w, https:\/\/ld-trade.net\/wp-content\/uploads\/2023\/05\/woman-rating-online-service-18x12.jpg 18w\" sizes=\"(max-width: 2000px) 100vw, 2000px\" \/>\t\t\t\t\t\t\t\t\t\t\t\t\t\t\t<\/div>\n\t\t\t\t<\/div>\n\t\t\t\t\t<\/div>\n\t\t<\/div>\n\t\t\t\t\t<\/div>\n\t\t<\/section>\n\t\t\t\t<section class=\"elementor-section elementor-top-section elementor-element elementor-element-9e35706 elementor-section-boxed elementor-section-height-default elementor-section-height-default\" data-id=\"9e35706\" data-element_type=\"section\" data-e-type=\"section\" data-settings=\"{&quot;background_background&quot;:&quot;classic&quot;}\">\n\t\t\t\t\t\t\t<div class=\"elementor-background-overlay\"><\/div>\n\t\t\t\t\t\t\t<div class=\"elementor-container elementor-column-gap-default\">\n\t\t\t\t\t<div class=\"elementor-column elementor-col-50 elementor-top-column elementor-element elementor-element-d6ee42a\" data-id=\"d6ee42a\" data-element_type=\"column\" data-e-type=\"column\">\n\t\t\t<div class=\"elementor-widget-wrap elementor-element-populated\">\n\t\t\t\t\t\t<div class=\"elementor-element elementor-element-b661ecd elementor-invisible elementor-widget elementor-widget-image\" data-id=\"b661ecd\" data-element_type=\"widget\" data-e-type=\"widget\" data-settings=\"{&quot;_animation&quot;:&quot;fadeInRight&quot;}\" data-widget_type=\"image.default\">\n\t\t\t\t<div class=\"elementor-widget-container\">\n\t\t\t\t\t\t\t\t\t\t\t\t\t\t\t<img loading=\"lazy\" decoding=\"async\" width=\"2000\" height=\"1333\" src=\"https:\/\/ld-trade.net\/wp-content\/uploads\/2023\/05\/greeting-business-partner.jpg\" class=\"attachment-full size-full wp-image-378\" alt=\"Greeting business partner\" srcset=\"https:\/\/ld-trade.net\/wp-content\/uploads\/2023\/05\/greeting-business-partner.jpg 2000w, https:\/\/ld-trade.net\/wp-content\/uploads\/2023\/05\/greeting-business-partner-300x200.jpg 300w, https:\/\/ld-trade.net\/wp-content\/uploads\/2023\/05\/greeting-business-partner-1024x682.jpg 1024w, https:\/\/ld-trade.net\/wp-content\/uploads\/2023\/05\/greeting-business-partner-768x512.jpg 768w, https:\/\/ld-trade.net\/wp-content\/uploads\/2023\/05\/greeting-business-partner-1536x1024.jpg 1536w, https:\/\/ld-trade.net\/wp-content\/uploads\/2023\/05\/greeting-business-partner-18x12.jpg 18w\" sizes=\"(max-width: 2000px) 100vw, 2000px\" \/>\t\t\t\t\t\t\t\t\t\t\t\t\t\t\t<\/div>\n\t\t\t\t<\/div>\n\t\t\t\t\t<\/div>\n\t\t<\/div>\n\t\t\t\t<div class=\"elementor-column elementor-col-50 elementor-top-column elementor-element elementor-element-9014e0b\" data-id=\"9014e0b\" data-element_type=\"column\" data-e-type=\"column\">\n\t\t\t<div class=\"elementor-widget-wrap elementor-element-populated\">\n\t\t\t\t\t\t<div class=\"elementor-element elementor-element-7b0730d elementor-invisible elementor-widget elementor-widget-heading\" data-id=\"7b0730d\" data-element_type=\"widget\" data-e-type=\"widget\" data-settings=\"{&quot;_animation&quot;:&quot;fadeInDown&quot;}\" data-widget_type=\"heading.default\">\n\t\t\t\t<div class=\"elementor-widget-container\">\n\t\t\t\t\t<h2 class=\"elementor-heading-title elementor-size-default\">Asociaciones y Afiliaciones<\/h2>\t\t\t\t<\/div>\n\t\t\t\t<\/div>\n\t\t\t\t<div class=\"elementor-element elementor-element-b0bd8c0 elementor-widget elementor-widget-text-editor\" data-id=\"b0bd8c0\" data-element_type=\"widget\" data-e-type=\"widget\" data-widget_type=\"text-editor.default\">\n\t\t\t\t<div class=\"elementor-widget-container\">\n\t\t\t\t\t\t\t\t\t<p>Hemos establecido asociaciones y afiliaciones con organizaciones l\u00edderes en la industria comercial. Estas asociaciones nos permiten estar a la vanguardia de las tendencias de la industria y brindar el mejor servicio posible a nuestros clientes.<\/p>\t\t\t\t\t\t\t\t<\/div>\n\t\t\t\t<\/div>\n\t\t\t\t<div class=\"elementor-element elementor-element-4176c28 elementor-widget elementor-widget-button\" data-id=\"4176c28\" data-element_type=\"widget\" data-e-type=\"widget\" data-widget_type=\"button.default\">\n\t\t\t\t<div class=\"elementor-widget-container\">\n\t\t\t\t\t\t\t\t\t<div class=\"elementor-button-wrapper\">\n\t\t\t\t\t<a class=\"elementor-button elementor-button-link elementor-size-sm\" href=\"https:\/\/ld-trade.net\/es\/contactenos\/\">\n\t\t\t\t\t\t<span class=\"elementor-button-content-wrapper\">\n\t\t\t\t\t\t\t\t\t<span class=\"elementor-button-text\">Contacto<\/span>\n\t\t\t\t\t<\/span>\n\t\t\t\t\t<\/a>\n\t\t\t\t<\/div>\n\t\t\t\t\t\t\t\t<\/div>\n\t\t\t\t<\/div>\n\t\t\t\t\t<\/div>\n\t\t<\/div>\n\t\t\t\t\t<\/div>\n\t\t<\/section>\n\t\t\t\t<section class=\"elementor-section elementor-top-section elementor-element elementor-element-de90ee4 elementor-section-boxed elementor-section-height-default elementor-section-height-default\" data-id=\"de90ee4\" data-element_type=\"section\" data-e-type=\"section\">\n\t\t\t\t\t\t<div class=\"elementor-container elementor-column-gap-default\">\n\t\t\t\t\t<div class=\"elementor-column elementor-col-50 elementor-top-column elementor-element elementor-element-cc0f3b1\" data-id=\"cc0f3b1\" data-element_type=\"column\" data-e-type=\"column\">\n\t\t\t<div class=\"elementor-widget-wrap\">\n\t\t\t\t\t\t\t<\/div>\n\t\t<\/div>\n\t\t\t\t<div class=\"elementor-column elementor-col-50 elementor-top-column elementor-element elementor-element-6d07534\" data-id=\"6d07534\" data-element_type=\"column\" data-e-type=\"column\">\n\t\t\t<div class=\"elementor-widget-wrap\">\n\t\t\t\t\t\t\t<\/div>\n\t\t<\/div>\n\t\t\t\t\t<\/div>\n\t\t<\/section>\n\t\t\t\t<\/div>","protected":false},"excerpt":{"rendered":"<p>Home Why HK LD? Welcome to HK LD CO. LIMITED, a leading trading company that is dedicated to providing quality products and services to our clients. At HK LD, we pride ourselves on our commitment to delivering reliable and innovative solutions that meet the needs of our customers. We work hard to ensure that our [&hellip;]<\/p>\n","protected":false},"author":4,"featured_media":0,"parent":0,"menu_order":0,"comment_status":"closed","ping_status":"closed","template":"elementor_header_footer","meta":{"_eb_attr":"","footnotes":""},"class_list":["post-101","page","type-page","status-publish","hentry"],"_links":{"self":[{"href":"https:\/\/ld-trade.net\/es\/wp-json\/wp\/v2\/pages\/101","targetHints":{"allow":["GET"]}}],"collection":[{"href":"https:\/\/ld-trade.net\/es\/wp-json\/wp\/v2\/pages"}],"about":[{"href":"https:\/\/ld-trade.net\/es\/wp-json\/wp\/v2\/types\/page"}],"author":[{"embeddable":true,"href":"https:\/\/ld-trade.net\/es\/wp-json\/wp\/v2\/users\/4"}],"replies":[{"embeddable":true,"href":"https:\/\/ld-trade.net\/es\/wp-json\/wp\/v2\/comments?post=101"}],"version-history":[{"count":46,"href":"https:\/\/ld-trade.net\/es\/wp-json\/wp\/v2\/pages\/101\/revisions"}],"predecessor-version":[{"id":874,"href":"https:\/\/ld-trade.net\/es\/wp-json\/wp\/v2\/pages\/101\/revisions\/874"}],"wp:attachment":[{"href":"https:\/\/ld-trade.net\/es\/wp-json\/wp\/v2\/media?parent=101"}],"curies":[{"name":"wp","href":"https:\/\/api.w.org\/{rel}","templated":true}]}}