{"id":216,"date":"2023-05-18T03:32:29","date_gmt":"2023-05-18T03:32:29","guid":{"rendered":"https:\/\/ld-trade.net\/?page_id=216"},"modified":"2024-10-02T02:14:20","modified_gmt":"2024-10-02T02:14:20","slug":"privacy-policy","status":"publish","type":"page","link":"https:\/\/ld-trade.net\/es\/politica-de-privacidad\/","title":{"rendered":"Pol\u00edtica de Privacidad"},"content":{"rendered":"<div data-elementor-type=\"wp-page\" data-elementor-id=\"216\" class=\"elementor elementor-216\" data-elementor-post-type=\"page\">\n\t\t\t\t\t\t<section class=\"elementor-section elementor-top-section elementor-element elementor-element-4587c7f7 elementor-section-boxed elementor-section-height-default elementor-section-height-default\" data-id=\"4587c7f7\" data-element_type=\"section\" data-e-type=\"section\" data-settings=\"{&quot;background_background&quot;:&quot;classic&quot;}\">\n\t\t\t\t\t\t\t<div class=\"elementor-background-overlay\"><\/div>\n\t\t\t\t\t\t\t<div class=\"elementor-container elementor-column-gap-default\">\n\t\t\t\t\t<div class=\"elementor-column elementor-col-100 elementor-top-column elementor-element elementor-element-35ff4222\" data-id=\"35ff4222\" data-element_type=\"column\" data-e-type=\"column\">\n\t\t\t<div class=\"elementor-widget-wrap elementor-element-populated\">\n\t\t\t\t\t\t\t<\/div>\n\t\t<\/div>\n\t\t\t\t\t<\/div>\n\t\t<\/section>\n\t\t\t\t<section class=\"elementor-section elementor-top-section elementor-element elementor-element-e712b85 elementor-section-boxed elementor-section-height-default elementor-section-height-default\" data-id=\"e712b85\" data-element_type=\"section\" data-e-type=\"section\">\n\t\t\t\t\t\t<div class=\"elementor-container elementor-column-gap-default\">\n\t\t\t\t\t<div class=\"elementor-column elementor-col-100 elementor-top-column elementor-element elementor-element-5abe4b25\" data-id=\"5abe4b25\" data-element_type=\"column\" data-e-type=\"column\">\n\t\t\t<div class=\"elementor-widget-wrap elementor-element-populated\">\n\t\t\t\t\t\t<div class=\"elementor-element elementor-element-797a9660 elementor-widget elementor-widget-text-editor\" data-id=\"797a9660\" data-element_type=\"widget\" data-e-type=\"widget\" data-widget_type=\"text-editor.default\">\n\t\t\t\t<div class=\"elementor-widget-container\">\n\t\t\t\t\t\t\t\t\t<p><strong>\u00daltima modificaci\u00f3n: 13 de mayo de 2023<\/strong><\/p><p>En HK LD CO. LIMITED, nos comprometemos a proteger su privacidad. Esta Pol\u00edtica de Privacidad describe c\u00f3mo recopilamos, utilizamos y protegemos su informaci\u00f3n personal en nuestro sitio web y en nuestras actividades comerciales. Por favor, lea esta pol\u00edtica cuidadosamente para entender nuestras pr\u00e1cticas.<\/p><p><strong><br \/>Recopilaci\u00f3n de informaci\u00f3n<\/strong><\/p><p>Podemos recopilar informaci\u00f3n personal de usted, como su nombre, direcci\u00f3n de correo electr\u00f3nico, n\u00famero de tel\u00e9fono y direcci\u00f3n f\u00edsica, cuando utiliza nuestro sitio web, se comunica con nosotros o participa en actividades comerciales con nosotros. Tambi\u00e9n podemos recopilar informaci\u00f3n no personal, como su direcci\u00f3n IP y su comportamiento de navegaci\u00f3n.<\/p><p><strong><br \/>Uso de la informaci\u00f3n<\/strong><\/p><p>Utilizamos la informaci\u00f3n personal que nos proporciona para comunicarnos con usted, cumplir con sus solicitudes de servicios y proporcionarle informaci\u00f3n sobre nuestros productos y servicios. Tambi\u00e9n podemos utilizar su informaci\u00f3n para fines internos, como mejorar nuestro sitio web, servicios y actividades comerciales.<\/p><p><strong><br \/>Compartir informaci\u00f3n<\/strong><\/p><p>Podemos compartir su informaci\u00f3n personal con proveedores de servicios de terceros que realizan servicios en nuestro nombre, como env\u00edo, procesamiento de pagos y marketing. Tambi\u00e9n podemos compartir su informaci\u00f3n cuando sea requerido por la ley o para proteger nuestros derechos y propiedad.<\/p><p><strong><br \/>Seguridad de la informaci\u00f3n<\/strong><\/p><p>Tomamos medidas razonables para proteger la seguridad de su informaci\u00f3n personal y evitar el acceso, uso o divulgaci\u00f3n no autorizados. Sin embargo, ninguna transmisi\u00f3n de datos a trav\u00e9s de internet o almacenamiento electr\u00f3nico puede garantizarse al 100% seguro.<\/p><p><strong><br \/>Cookies<\/strong><\/p><p>Nuestro sitio web utiliza cookies para recopilar informaci\u00f3n no personal y mejorar su experiencia de navegaci\u00f3n. Puede optar por desactivar las cookies en la configuraci\u00f3n de su navegador, pero esto puede limitar su capacidad para utilizar ciertas funciones de nuestro sitio web.<\/p><p><strong><br \/>Enlaces a Otros Sitios Web<\/strong><\/p><p>Nuestro sitio web puede contener enlaces a otros sitios web que no son propiedad ni est\u00e1n operados por nosotros. No nos hacemos responsables de las pr\u00e1cticas de privacidad ni del contenido de estos sitios web.<\/p><p><strong><br \/>Cont\u00e1ctenos<\/strong><\/p><p>Si tiene alguna pregunta o duda sobre nuestra Pol\u00edtica de privacidad o sobre el uso que hacemos de su informaci\u00f3n personal, p\u00f3ngase en contacto con nosotros en: infotrade@ld-trade.net.<\/p><p>Nos reservamos el derecho de modificar o actualizar esta Pol\u00edtica de privacidad en cualquier momento, as\u00ed que por favor vuelva peri\u00f3dicamente para actualizaciones.<\/p>\t\t\t\t\t\t\t\t<\/div>\n\t\t\t\t<\/div>\n\t\t\t\t\t<\/div>\n\t\t<\/div>\n\t\t\t\t\t<\/div>\n\t\t<\/section>\n\t\t\t\t<\/div>","protected":false},"excerpt":{"rendered":"<p>Last modified: May 13th, 2023 At HK LD CO. LIMITED, we are committed to protecting your privacy. This Privacy Policy outlines how we collect, use, and safeguard your personal information on our website and in our trading activities. Please read this policy carefully to understand our practices. Collection of Information We may collect personal information [&hellip;]<\/p>\n","protected":false},"author":4,"featured_media":0,"parent":0,"menu_order":0,"comment_status":"closed","ping_status":"closed","template":"elementor_header_footer","meta":{"_eb_attr":"","footnotes":""},"class_list":["post-216","page","type-page","status-publish","hentry"],"_links":{"self":[{"href":"https:\/\/ld-trade.net\/es\/wp-json\/wp\/v2\/pages\/216","targetHints":{"allow":["GET"]}}],"collection":[{"href":"https:\/\/ld-trade.net\/es\/wp-json\/wp\/v2\/pages"}],"about":[{"href":"https:\/\/ld-trade.net\/es\/wp-json\/wp\/v2\/types\/page"}],"author":[{"embeddable":true,"href":"https:\/\/ld-trade.net\/es\/wp-json\/wp\/v2\/users\/4"}],"replies":[{"embeddable":true,"href":"https:\/\/ld-trade.net\/es\/wp-json\/wp\/v2\/comments?post=216"}],"version-history":[{"count":16,"href":"https:\/\/ld-trade.net\/es\/wp-json\/wp\/v2\/pages\/216\/revisions"}],"predecessor-version":[{"id":827,"href":"https:\/\/ld-trade.net\/es\/wp-json\/wp\/v2\/pages\/216\/revisions\/827"}],"wp:attachment":[{"href":"https:\/\/ld-trade.net\/es\/wp-json\/wp\/v2\/media?parent=216"}],"curies":[{"name":"wp","href":"https:\/\/api.w.org\/{rel}","templated":true}]}}