{"id":93,"date":"2023-05-17T00:29:22","date_gmt":"2023-05-17T00:29:22","guid":{"rendered":"https:\/\/ld-trade.net\/?page_id=93"},"modified":"2023-05-21T20:05:10","modified_gmt":"2023-05-21T20:05:10","slug":"e-business","status":"publish","type":"page","link":"https:\/\/ld-trade.net\/es\/negocio-electronico\/","title":{"rendered":"Negocio Electr\u00f3nico"},"content":{"rendered":"<div data-elementor-type=\"wp-page\" data-elementor-id=\"93\" class=\"elementor elementor-93\" data-elementor-post-type=\"page\">\n\t\t\t\t\t\t<section class=\"elementor-section elementor-top-section elementor-element elementor-element-37a848bd elementor-section-boxed elementor-section-height-default elementor-section-height-default\" data-id=\"37a848bd\" data-element_type=\"section\" data-e-type=\"section\" data-settings=\"{&quot;background_background&quot;:&quot;classic&quot;}\">\n\t\t\t\t\t\t\t<div class=\"elementor-background-overlay\"><\/div>\n\t\t\t\t\t\t\t<div class=\"elementor-container elementor-column-gap-default\">\n\t\t\t\t\t<div class=\"elementor-column elementor-col-100 elementor-top-column elementor-element elementor-element-16361e6a\" data-id=\"16361e6a\" data-element_type=\"column\" data-e-type=\"column\">\n\t\t\t<div class=\"elementor-widget-wrap elementor-element-populated\">\n\t\t\t\t\t\t\t<\/div>\n\t\t<\/div>\n\t\t\t\t\t<\/div>\n\t\t<\/section>\n\t\t\t\t<section class=\"elementor-section elementor-top-section elementor-element elementor-element-30213610 elementor-section-boxed elementor-section-height-default elementor-section-height-default\" data-id=\"30213610\" data-element_type=\"section\" data-e-type=\"section\">\n\t\t\t\t\t\t<div class=\"elementor-container elementor-column-gap-default\">\n\t\t\t\t\t<div class=\"elementor-column elementor-col-100 elementor-top-column elementor-element elementor-element-219986cd\" data-id=\"219986cd\" data-element_type=\"column\" data-e-type=\"column\">\n\t\t\t<div class=\"elementor-widget-wrap elementor-element-populated\">\n\t\t\t\t\t\t<section class=\"elementor-section elementor-inner-section elementor-element elementor-element-661311c6 elementor-section-boxed elementor-section-height-default elementor-section-height-default\" data-id=\"661311c6\" data-element_type=\"section\" data-e-type=\"section\">\n\t\t\t\t\t\t<div class=\"elementor-container elementor-column-gap-default\">\n\t\t\t\t\t<div class=\"elementor-column elementor-col-50 elementor-inner-column elementor-element elementor-element-46c098d9\" data-id=\"46c098d9\" data-element_type=\"column\" data-e-type=\"column\">\n\t\t\t<div class=\"elementor-widget-wrap elementor-element-populated\">\n\t\t\t\t\t\t<div class=\"elementor-element elementor-element-72d63847 elementor-invisible elementor-widget elementor-widget-elementskit-heading\" data-id=\"72d63847\" data-element_type=\"widget\" data-e-type=\"widget\" data-settings=\"{&quot;_animation&quot;:&quot;fadeInDown&quot;}\" data-widget_type=\"elementskit-heading.default\">\n\t\t\t\t<div class=\"elementor-widget-container\">\n\t\t\t\t\t<div class=\"ekit-wid-con\" ><div class=\"ekit-heading elementskit-section-title-wraper text_left   ekit_heading_tablet-   ekit_heading_mobile-\"><h2 class=\"ekit-heading--title elementskit-section-title\">En HK LD CO. LIMITED, nos esforzamos por hacer que su experiencia comercial sea lo m\u00e1s fluida y conveniente posible. Es por eso que ofrecemos una variedad de servicios en l\u00ednea que puede aprovechar desde la comodidad de su hogar u oficina.<\/h2><\/div><\/div>\t\t\t\t<\/div>\n\t\t\t\t<\/div>\n\t\t\t\t\t<\/div>\n\t\t<\/div>\n\t\t\t\t<div class=\"elementor-column elementor-col-50 elementor-inner-column elementor-element elementor-element-1dd50328 elementor-invisible\" data-id=\"1dd50328\" data-element_type=\"column\" data-e-type=\"column\" data-settings=\"{&quot;animation&quot;:&quot;fadeInRight&quot;}\">\n\t\t\t<div class=\"elementor-widget-wrap elementor-element-populated\">\n\t\t\t\t\t\t<div class=\"elementor-element elementor-element-405bc482 elementor-widget elementor-widget-text-editor\" data-id=\"405bc482\" data-element_type=\"widget\" data-e-type=\"widget\" data-widget_type=\"text-editor.default\">\n\t\t\t\t<div class=\"elementor-widget-container\">\n\t\t\t\t\t\t\t\t\t<p>Una de nuestras principales ofertas en l\u00ednea es nuestra plataforma segura de comercio electr\u00f3nico. Con nuestra plataforma, tiene acceso en tiempo real las 24 horas, los 7 d\u00edas de la semana a la informaci\u00f3n de su carga, para que pueda estar al tanto de sus env\u00edos en todo momento. Tambi\u00e9n puede administrar sus datos de carga sobre la marcha, utilizando nuestra plataforma compatible con dispositivos m\u00f3viles a la que puede acceder desde su tel\u00e9fono inteligente o tableta.<\/p><p>Nuestro servicio de reserva electr\u00f3nica es otra caracter\u00edstica popular en l\u00ednea que ofrecemos. Con eBooking, puede reservar y administrar f\u00e1cilmente sus env\u00edos en l\u00ednea, sin necesidad de llamadas telef\u00f3nicas o correos electr\u00f3nicos. Nuestra plataforma intuitiva lo gu\u00eda a trav\u00e9s del proceso de reserva paso a paso y puede rastrear su env\u00edo en cada paso del camino.<\/p><p>Tambi\u00e9n ofrecemos una gama de otros servicios en l\u00ednea para ayudar a que su experiencia comercial sea lo m\u00e1s fluida posible. Estos incluyen la facturaci\u00f3n en l\u00ednea y el procesamiento de pagos, para que pueda administrar f\u00e1cilmente sus finanzas sin tener que abandonar nuestra plataforma. Nuestro servicio de seguimiento en l\u00ednea es otra caracter\u00edstica popular que le permite controlar sus env\u00edos en tiempo real.<\/p><p>En HK LD CO. LIMITED, entendemos que el tiempo es dinero, por lo que hemos invertido en nuestros servicios en l\u00ednea para ayudar a optimizar su experiencia comercial. Con nuestra plataforma de comercio electr\u00f3nico, puede administrar sus env\u00edos con facilidad y concentrarse en lo que realmente importa: hacer crecer su negocio.<\/p>\t\t\t\t\t\t\t\t<\/div>\n\t\t\t\t<\/div>\n\t\t\t\t\t<\/div>\n\t\t<\/div>\n\t\t\t\t\t<\/div>\n\t\t<\/section>\n\t\t\t\t\t<\/div>\n\t\t<\/div>\n\t\t\t\t\t<\/div>\n\t\t<\/section>\n\t\t\t\t<\/div>","protected":false},"excerpt":{"rendered":"<p>At HK LD CO. LIMITED, we strive to make your trading experience as seamless and convenient as possible. That&#8217;s why we offer a variety of online services that you can take advantage of from the comfort of your own home or office. One of our key online offerings is our secure eBusiness platform. With our [&hellip;]<\/p>\n","protected":false},"author":4,"featured_media":0,"parent":0,"menu_order":0,"comment_status":"closed","ping_status":"closed","template":"elementor_header_footer","meta":{"_eb_attr":"","footnotes":""},"class_list":["post-93","page","type-page","status-publish","hentry"],"_links":{"self":[{"href":"https:\/\/ld-trade.net\/es\/wp-json\/wp\/v2\/pages\/93","targetHints":{"allow":["GET"]}}],"collection":[{"href":"https:\/\/ld-trade.net\/es\/wp-json\/wp\/v2\/pages"}],"about":[{"href":"https:\/\/ld-trade.net\/es\/wp-json\/wp\/v2\/types\/page"}],"author":[{"embeddable":true,"href":"https:\/\/ld-trade.net\/es\/wp-json\/wp\/v2\/users\/4"}],"replies":[{"embeddable":true,"href":"https:\/\/ld-trade.net\/es\/wp-json\/wp\/v2\/comments?post=93"}],"version-history":[{"count":7,"href":"https:\/\/ld-trade.net\/es\/wp-json\/wp\/v2\/pages\/93\/revisions"}],"predecessor-version":[{"id":701,"href":"https:\/\/ld-trade.net\/es\/wp-json\/wp\/v2\/pages\/93\/revisions\/701"}],"wp:attachment":[{"href":"https:\/\/ld-trade.net\/es\/wp-json\/wp\/v2\/media?parent=93"}],"curies":[{"name":"wp","href":"https:\/\/api.w.org\/{rel}","templated":true}]}}