{"id":99,"date":"2023-05-17T00:30:07","date_gmt":"2023-05-17T00:30:07","guid":{"rendered":"https:\/\/ld-trade.net\/?page_id=99"},"modified":"2023-05-18T23:55:08","modified_gmt":"2023-05-18T23:55:08","slug":"sustainability","status":"publish","type":"page","link":"https:\/\/ld-trade.net\/es\/sostenibilidad\/","title":{"rendered":"Sostenibilidad"},"content":{"rendered":"<div data-elementor-type=\"wp-page\" data-elementor-id=\"99\" class=\"elementor elementor-99\" data-elementor-post-type=\"page\">\n\t\t\t\t\t\t<section class=\"elementor-section elementor-top-section elementor-element elementor-element-51b5bf01 elementor-section-boxed elementor-section-height-default elementor-section-height-default\" data-id=\"51b5bf01\" data-element_type=\"section\" data-e-type=\"section\" data-settings=\"{&quot;background_background&quot;:&quot;classic&quot;}\">\n\t\t\t\t\t\t\t<div class=\"elementor-background-overlay\"><\/div>\n\t\t\t\t\t\t\t<div class=\"elementor-container elementor-column-gap-default\">\n\t\t\t\t\t<div class=\"elementor-column elementor-col-100 elementor-top-column elementor-element elementor-element-36138c7\" data-id=\"36138c7\" data-element_type=\"column\" data-e-type=\"column\">\n\t\t\t<div class=\"elementor-widget-wrap elementor-element-populated\">\n\t\t\t\t\t\t<section class=\"elementor-section elementor-inner-section elementor-element elementor-element-44930f54 elementor-section-boxed elementor-section-height-default elementor-section-height-default\" data-id=\"44930f54\" data-element_type=\"section\" data-e-type=\"section\">\n\t\t\t\t\t\t<div class=\"elementor-container elementor-column-gap-default\">\n\t\t\t\t\t<div class=\"elementor-column elementor-col-100 elementor-inner-column elementor-element elementor-element-9e3bc5e\" data-id=\"9e3bc5e\" data-element_type=\"column\" data-e-type=\"column\">\n\t\t\t<div class=\"elementor-widget-wrap elementor-element-populated\">\n\t\t\t\t\t\t<div class=\"elementor-element elementor-element-6e514ace elementor-icon-list--layout-inline elementor-align-start elementor-list-item-link-full_width elementor-invisible elementor-widget elementor-widget-icon-list\" data-id=\"6e514ace\" data-element_type=\"widget\" data-e-type=\"widget\" data-settings=\"{&quot;_animation&quot;:&quot;fadeInRight&quot;}\" data-widget_type=\"icon-list.default\">\n\t\t\t\t<div class=\"elementor-widget-container\">\n\t\t\t\t\t\t\t<ul class=\"elementor-icon-list-items elementor-inline-items\">\n\t\t\t\t\t\t\t<li class=\"elementor-icon-list-item elementor-inline-item\">\n\t\t\t\t\t\t\t\t\t\t\t<a href=\"#\">\n\n\t\t\t\t\t\t\t\t\t\t\t<span class=\"elementor-icon-list-text\">Inicio<\/span>\n\t\t\t\t\t\t\t\t\t\t\t<\/a>\n\t\t\t\t\t\t\t\t\t<\/li>\n\t\t\t\t\t\t\t\t<li class=\"elementor-icon-list-item elementor-inline-item\">\n\t\t\t\t\t\t\t\t\t\t\t<span class=\"elementor-icon-list-icon\">\n\t\t\t\t\t\t\t<i aria-hidden=\"true\" class=\"mdi mdi-slash-forward\"><\/i>\t\t\t\t\t\t<\/span>\n\t\t\t\t\t\t\t\t\t\t<span class=\"elementor-icon-list-text\">Sostenibilidad<\/span>\n\t\t\t\t\t\t\t\t\t<\/li>\n\t\t\t\t\t\t<\/ul>\n\t\t\t\t\t\t<\/div>\n\t\t\t\t<\/div>\n\t\t\t\t<div class=\"elementor-element elementor-element-33f4d82b elementor-invisible elementor-widget elementor-widget-text-editor\" data-id=\"33f4d82b\" data-element_type=\"widget\" data-e-type=\"widget\" data-settings=\"{&quot;_animation&quot;:&quot;fadeIn&quot;,&quot;_animation_delay&quot;:720}\" data-widget_type=\"text-editor.default\">\n\t\t\t\t<div class=\"elementor-widget-container\">\n\t\t\t\t\t\t\t\t\t<p>En HK LD CO. LIMITED, creemos que es nuestra responsabilidad contribuir al bienestar del medio ambiente y la sociedad en la que vivimos. Como empresa comercial, nos esforzamos por promover la sostenibilidad en todos los aspectos de nuestras operaciones comerciales.<\/p>\t\t\t\t\t\t\t\t<\/div>\n\t\t\t\t<\/div>\n\t\t\t\t\t<\/div>\n\t\t<\/div>\n\t\t\t\t\t<\/div>\n\t\t<\/section>\n\t\t\t\t\t<\/div>\n\t\t<\/div>\n\t\t\t\t\t<\/div>\n\t\t<\/section>\n\t\t\t\t<section class=\"elementor-section elementor-top-section elementor-element elementor-element-7d10c699 elementor-section-boxed elementor-section-height-default elementor-section-height-default\" data-id=\"7d10c699\" data-element_type=\"section\" data-e-type=\"section\">\n\t\t\t\t\t\t<div class=\"elementor-container elementor-column-gap-default\">\n\t\t\t\t\t<div class=\"elementor-column elementor-col-50 elementor-top-column elementor-element elementor-element-520df8b6\" data-id=\"520df8b6\" data-element_type=\"column\" data-e-type=\"column\">\n\t\t\t<div class=\"elementor-widget-wrap elementor-element-populated\">\n\t\t\t\t\t\t<div class=\"elementor-element elementor-element-49664864 elementor-widget elementor-widget-text-editor\" data-id=\"49664864\" data-element_type=\"widget\" data-e-type=\"widget\" data-widget_type=\"text-editor.default\">\n\t\t\t\t<div class=\"elementor-widget-container\">\n\t\t\t\t\t\t\t\t\t<p>Estamos comprometidos a reducir nuestra huella ambiental mediante la implementaci\u00f3n de pr\u00e1cticas sostenibles y la asociaci\u00f3n con proveedores conscientes del medio ambiente. Esto incluye reducir nuestro uso de papel, implementar tecnolog\u00edas de eficiencia energ\u00e9tica y garantizar la eliminaci\u00f3n responsable de los desechos.<\/p>\t\t\t\t\t\t\t\t<\/div>\n\t\t\t\t<\/div>\n\t\t\t\t<div class=\"elementor-element elementor-element-c8367d9 elementor-widget-divider--view-line elementor-widget elementor-widget-divider\" data-id=\"c8367d9\" data-element_type=\"widget\" data-e-type=\"widget\" data-widget_type=\"divider.default\">\n\t\t\t\t<div class=\"elementor-widget-container\">\n\t\t\t\t\t\t\t<div class=\"elementor-divider\">\n\t\t\t<span class=\"elementor-divider-separator\">\n\t\t\t\t\t\t<\/span>\n\t\t<\/div>\n\t\t\t\t\t\t<\/div>\n\t\t\t\t<\/div>\n\t\t\t\t<div class=\"elementor-element elementor-element-37eb464 elementor-widget elementor-widget-text-editor\" data-id=\"37eb464\" data-element_type=\"widget\" data-e-type=\"widget\" data-widget_type=\"text-editor.default\">\n\t\t\t\t<div class=\"elementor-widget-container\">\n\t\t\t\t\t\t\t\t\t<p>Tambi\u00e9n apoyamos a nuestros clientes en sus esfuerzos de sostenibilidad ofreciendo alternativas de productos ecol\u00f3gicos y fomentando la adopci\u00f3n de pr\u00e1cticas sostenibles en toda su cadena de suministro.<\/p><p>Nuestro compromiso con la sustentabilidad ha llevado a varios logros, incluyendo el reconocimiento de nuestro esfuerzo por parte de las autoridades ambientales y nuestros proveedores. Tambi\u00e9n hemos podido reducir nuestra huella de carbono y lograr ahorros de costos mediante la implementaci\u00f3n de pr\u00e1cticas sostenibles.<\/p><p>Entendemos que la sustentabilidad es un viaje continuo y estamos dedicados a continuar con nuestros esfuerzos para promover la sustentabilidad y contribuir a un futuro mejor para todos.<\/p><p>\u00danase a nosotros en nuestro compromiso con la sostenibilidad asoci\u00e1ndose con nosotros para sus necesidades comerciales y adoptando pr\u00e1cticas sostenibles en todas sus operaciones comerciales.<\/p>\t\t\t\t\t\t\t\t<\/div>\n\t\t\t\t<\/div>\n\t\t\t\t\t<\/div>\n\t\t<\/div>\n\t\t\t\t<div class=\"elementor-column elementor-col-50 elementor-top-column elementor-element elementor-element-356bf6d8\" data-id=\"356bf6d8\" data-element_type=\"column\" data-e-type=\"column\">\n\t\t\t<div class=\"elementor-widget-wrap elementor-element-populated\">\n\t\t\t\t\t\t<div class=\"elementor-element elementor-element-510cf223 elementor-invisible elementor-widget elementor-widget-image\" data-id=\"510cf223\" data-element_type=\"widget\" data-e-type=\"widget\" data-settings=\"{&quot;_animation&quot;:&quot;fadeInRight&quot;}\" data-widget_type=\"image.default\">\n\t\t\t\t<div class=\"elementor-widget-container\">\n\t\t\t\t\t\t\t\t\t\t\t\t\t\t\t<img fetchpriority=\"high\" decoding=\"async\" width=\"1333\" height=\"2000\" src=\"https:\/\/ld-trade.net\/wp-content\/uploads\/2023\/05\/team-of-technician-and-engineer-working-in-wind-turbine-planing-renewable-energy-ecology-project.jpg\" class=\"attachment-full size-full wp-image-330\" alt=\"Team of technician and engineer working in wind turbine, planing renewable energy ecology project\" srcset=\"https:\/\/ld-trade.net\/wp-content\/uploads\/2023\/05\/team-of-technician-and-engineer-working-in-wind-turbine-planing-renewable-energy-ecology-project.jpg 1333w, https:\/\/ld-trade.net\/wp-content\/uploads\/2023\/05\/team-of-technician-and-engineer-working-in-wind-turbine-planing-renewable-energy-ecology-project-200x300.jpg 200w, https:\/\/ld-trade.net\/wp-content\/uploads\/2023\/05\/team-of-technician-and-engineer-working-in-wind-turbine-planing-renewable-energy-ecology-project-682x1024.jpg 682w, https:\/\/ld-trade.net\/wp-content\/uploads\/2023\/05\/team-of-technician-and-engineer-working-in-wind-turbine-planing-renewable-energy-ecology-project-768x1152.jpg 768w, https:\/\/ld-trade.net\/wp-content\/uploads\/2023\/05\/team-of-technician-and-engineer-working-in-wind-turbine-planing-renewable-energy-ecology-project-1024x1536.jpg 1024w, https:\/\/ld-trade.net\/wp-content\/uploads\/2023\/05\/team-of-technician-and-engineer-working-in-wind-turbine-planing-renewable-energy-ecology-project-8x12.jpg 8w\" sizes=\"(max-width: 1333px) 100vw, 1333px\" \/>\t\t\t\t\t\t\t\t\t\t\t\t\t\t\t<\/div>\n\t\t\t\t<\/div>\n\t\t\t\t\t<\/div>\n\t\t<\/div>\n\t\t\t\t\t<\/div>\n\t\t<\/section>\n\t\t\t\t<\/div>","protected":false},"excerpt":{"rendered":"<p>Home Sustainability At HK LD CO. LIMITED, we believe that it is our responsibility to contribute to the well-being of the environment and the society we live in. As a trading company, we strive to promote sustainability in all aspects of our business operations. We are committed to reducing our environmental footprint by implementing sustainable [&hellip;]<\/p>\n","protected":false},"author":4,"featured_media":0,"parent":0,"menu_order":0,"comment_status":"closed","ping_status":"closed","template":"elementor_header_footer","meta":{"_eb_attr":"","footnotes":""},"class_list":["post-99","page","type-page","status-publish","hentry"],"_links":{"self":[{"href":"https:\/\/ld-trade.net\/es\/wp-json\/wp\/v2\/pages\/99","targetHints":{"allow":["GET"]}}],"collection":[{"href":"https:\/\/ld-trade.net\/es\/wp-json\/wp\/v2\/pages"}],"about":[{"href":"https:\/\/ld-trade.net\/es\/wp-json\/wp\/v2\/types\/page"}],"author":[{"embeddable":true,"href":"https:\/\/ld-trade.net\/es\/wp-json\/wp\/v2\/users\/4"}],"replies":[{"embeddable":true,"href":"https:\/\/ld-trade.net\/es\/wp-json\/wp\/v2\/comments?post=99"}],"version-history":[{"count":7,"href":"https:\/\/ld-trade.net\/es\/wp-json\/wp\/v2\/pages\/99\/revisions"}],"predecessor-version":[{"id":336,"href":"https:\/\/ld-trade.net\/es\/wp-json\/wp\/v2\/pages\/99\/revisions\/336"}],"wp:attachment":[{"href":"https:\/\/ld-trade.net\/es\/wp-json\/wp\/v2\/media?parent=99"}],"curies":[{"name":"wp","href":"https:\/\/api.w.org\/{rel}","templated":true}]}}